{"id":135,"date":"2019-07-19T14:33:40","date_gmt":"2019-07-19T14:33:40","guid":{"rendered":"http:\/\/213.192.68.143\/?page_id=135"},"modified":"2019-07-19T19:05:47","modified_gmt":"2019-07-19T19:05:47","slug":"prefabrykacja","status":"publish","type":"page","link":"https:\/\/www.evomodule.com\/index.php\/prefabrykacja\/","title":{"rendered":"Prefabrykacja"},"content":{"rendered":"<\/div><\/div><\/div><!-- close content main div --><\/div><\/div><div id='full_slider_1' class='avia-fullwidth-slider main_color avia-shadow  container_wrap sidebar_right'   ><div  data-size='entry_without_sidebar'  data-lightbox_size='large'  data-animation='slide'  data-ids='71'  data-video_counter='0'  data-autoplay='false'  data-bg_slider='false'  data-slide_height=''  data-handle='av_slideshow_full'  data-interval='5'  data-class=' '  data-css_id=''  data-scroll_down=''  data-control_layout='av-control-default'  data-custom_markup=''  data-perma_caption=''  data-autoplay_stopper=''  data-image_attachment=''  data-min_height='0px'  data-src=''  data-position='top left'  data-repeat='no-repeat'  data-attach='scroll'  data-stretch=''  data-default-height='34.95867768595'  class='avia-slideshow avia-slideshow-1  av-control-default av-default-height-applied avia-slideshow-entry_without_sidebar av_slideshow_full   avia-slide-slider '  itemscope=\"itemscope\" itemtype=\"https:\/\/schema.org\/ImageObject\" ><ul class='avia-slideshow-inner' style='padding-bottom: 36.153846153846%;'><li  class=' av-single-slide slide-1 ' ><div data-rel='slideshow-1' class='avia-slide-wrap'  ><img src='https:\/\/www.evomodule.com\/wp-content\/uploads\/2019\/07\/CADD-India-Civil-Engineer-CAD-1170x568-1-1170x423.jpg' width='1170' height='423' title='CADD-India-Civil-Engineer-CAD-1170x568' alt=''  itemprop=\"contentURL\"   \/><\/div><\/li><\/ul><\/div><\/div>\n<\/div><\/div><\/div><!-- close content main div --><\/div><\/div><div id='av_section_1' class='avia-section main_color avia-section-default avia-no-border-styling avia-bg-style-scroll  container_wrap sidebar_right'   ><div class='container' ><div class='template-page content  av-content-small alpha units'><div class='post-entry post-entry-type-page post-entry-135'><div class='entry-content-wrapper clearfix'>\n<div style='padding-bottom:10px;' class='av-special-heading av-special-heading-h1  blockquote modern-quote modern-centered  '><h1 class='av-special-heading-tag'  itemprop=\"headline\"  >Prefabrykacja a budownictwo tradycyjne<\/h1><div class='special-heading-border'><div class='special-heading-inner-border' ><\/div><\/div><\/div>\n<div style=' margin-top:30px; margin-bottom:30px;'  class='hr hr-custom hr-center hr-icon-no '><span class='hr-inner   inner-border-av-border-fat' style=' width:50px; border-color:#eb323e;' ><span class='hr-inner-style'><\/span><\/span><\/div>\n<div class='avia-table main_color avia-pricing-table-container  avia_pricing_default avia-table-1 '  itemscope=\"itemscope\" itemtype=\"https:\/\/schema.org\/Table\" ><div class='pricing-table-wrap'><ul class='pricing-table avia-desc-col'><li class='avia-heading-row empty-table-cell'><div class='first-table-item'><span class='fallback-table-val'>Evomodule<\/span><\/div><span class='pricing-extra'><\/span><\/li><li class=''>Przenikalno\u015b\u0107 ciep\u0142a U[W\/m2 K]<\/li><li class=''>Ci\u0119\u017car dla \u015bcian zewn\u0119trznych kg\/m2<\/li><li class=''>Wytrzyma\u0142o\u015b\u0107 liniowa, naciskanie MPa*m<\/li><li class=''>Realizacja w stan<br \/>\ndeweloperski (dom 120-250m)<\/li><\/ul><\/div><div class='pricing-table-wrap'><ul class='pricing-table avia-highlight-col'><li class='avia-heading-row'><div class='first-table-item'>Evomodule<\/div><span class='pricing-extra'><\/span><\/li><li class=''>0,126 &#8211; 0,137 U[W\/m2 K]<\/li><li class=''>195 &#8211; 210 kg\/m2<\/li><li class=''>6,5 &#8211; 7,5 (w\u0142a\u015bciwa 32 &#8211; 37 MPa)<\/li><li class=''>9 &#8211; 12 tygodni<\/li><\/ul><\/div><div class='pricing-table-wrap'><ul class='pricing-table '><li class='avia-heading-row'><div class='first-table-item'>Budownictwo tradycyjne*<\/div><span class='pricing-extra'><\/span><\/li><li class=''>0,168 U[W\/m2 K]<\/li><li class=''>267 kg\/m2<\/li><li class=''>2,5 &#8211; 4,5 (w\u0142a\u015bciwa 4 &#8211; 6 MPa)<\/li><li class=''>12 &#8211; 16 tygodni<\/li><\/ul><\/div><\/div>\n<section class=\"av_textblock_section\"  itemscope=\"itemscope\" itemtype=\"https:\/\/schema.org\/CreativeWork\" ><div class='avia_textblock '   itemprop=\"text\" ><p style=\"text-align: right;\">*System tradycyjny z bloczka Gasbeton ENERGY 44 cm<\/p>\n<\/div><\/section>\n<\/div><\/div><\/div><!-- close content main div --><\/div><\/div><div id='after_section_1' class='main_color av_default_container_wrap container_wrap sidebar_right'   ><div class='container' ><div class='template-page content  av-content-small alpha units'><div class='post-entry post-entry-type-page post-entry-135'><div class='entry-content-wrapper clearfix'>\n<\/div><\/div><\/div><!-- close content main div --><\/div><\/div><div id='av_section_2' class='avia-section main_color avia-section-default avia-no-border-styling avia-bg-style-scroll  container_wrap sidebar_right'   ><div class='container' ><div class='template-page content  av-content-small alpha units'><div class='post-entry post-entry-type-page post-entry-135'><div class='entry-content-wrapper clearfix'>\n<div style='padding-bottom:10px;' class='av-special-heading av-special-heading-h1  blockquote modern-quote modern-centered  '><h1 class='av-special-heading-tag'  itemprop=\"headline\"  >Dodatkowe korzy\u015bci<\/h1><div class='special-heading-border'><div class='special-heading-inner-border' ><\/div><\/div><\/div>\n<div style=' margin-top:30px; margin-bottom:30px;'  class='hr hr-custom hr-center hr-icon-no '><span class='hr-inner   inner-border-av-border-fat' style=' width:50px; border-color:#eb323e;' ><span class='hr-inner-style'><\/span><\/span><\/div>\n<div class=\"flex_column av_one_half  flex_column_div first  \" style='padding:0px 0px 0px 50px ; border-radius:0px 0px 0px 0px ; '><section class=\"av_textblock_section\"  itemscope=\"itemscope\" itemtype=\"https:\/\/schema.org\/CreativeWork\" ><div class='avia_textblock '   itemprop=\"text\" ><ul>\n<li>Brak mostk\u00f3w cieplnych<\/li>\n<li>Dostosowanie do potrzeb konkretnych konstrukcji budynk\u00f3w pozwala na du\u017ce oszcz\u0119dno\u015bci materia\u0142u<\/li>\n<li>Fabryczne wykonanie prefabrykat\u00f3w gwarantuje du\u017c\u0105 dok\u0142adno\u015b\u0107 wykonania<\/li>\n<li>Brak konieczno\u015bci tynkowania wewn\u0105trz \u015bcian<\/li>\n<li>Bardzo szybki system monta\u017cu \u015bcian (za pomoc\u0105 d\u017awigu o ma\u0142ej no\u015bno\u015bci (ci\u0119\u017car modu\u0142u do 6 Ton)<\/li>\n<li>Mo\u017cliwo\u015b\u0107 instalacji wydajnego systemu ogrzewania podtynkowego 3Thermo<\/li>\n<li>Na etapie produkcji modu\u0142\u00f3w &#8211; mo\u017cliwo\u015b\u0107 monta\u017cu systemu elewacyjnego Elastolith<\/li>\n<\/ul>\n<\/div><\/section><\/div><div class=\"flex_column av_one_half  flex_column_div av-zero-column-padding   \" style='border-radius:0px; '><section class=\"av_textblock_section\"  itemscope=\"itemscope\" itemtype=\"https:\/\/schema.org\/CreativeWork\" ><div class='avia_textblock '   itemprop=\"text\" ><p style=\"text-align: center;\"><strong>Przekr\u00f3j \u015bciany SK36<\/strong><\/p>\n<\/div><\/section><br \/>\n<div class='avia-image-container  av-styling-   avia-align-center '  itemscope=\"itemscope\" itemtype=\"https:\/\/schema.org\/ImageObject\"  ><div class='avia-image-container-inner'><img class='avia_image ' src='https:\/\/www.evomodule.com\/wp-content\/uploads\/2019\/07\/Untitled-4-01-1-300x300.png' alt='' title='Untitled-4-01'   itemprop=\"contentURL\"  \/><\/div><\/div><\/p><\/div><\/div><\/div><\/div><!-- close content main div --><\/div><\/div><div id='after_section_2' class='main_color av_default_container_wrap container_wrap sidebar_right'   ><div class='container' ><div class='template-page content  av-content-small alpha units'><div class='post-entry post-entry-type-page post-entry-135'><div class='entry-content-wrapper clearfix'><\/div><\/div><\/div><!-- close content main div --><\/div><\/div><div id='av_section_3' class='avia-section main_color avia-section-default avia-no-border-styling avia-bg-style-scroll  container_wrap sidebar_right'   ><div class='container' ><div class='template-page content  av-content-small alpha units'><div class='post-entry post-entry-type-page post-entry-135'><div class='entry-content-wrapper clearfix'>\n<div style='padding-bottom:10px;' class='av-special-heading av-special-heading-h1  blockquote modern-quote modern-centered  '><h1 class='av-special-heading-tag'  itemprop=\"headline\"  >Analiza systemu Evomodule<\/h1><div class='special-heading-border'><div class='special-heading-inner-border' ><\/div><\/div><\/div>\n<div style=' margin-top:30px; margin-bottom:30px;'  class='hr hr-custom hr-center hr-icon-no '><span class='hr-inner   inner-border-av-border-fat' style=' width:50px; border-color:#eb323e;' ><span class='hr-inner-style'><\/span><\/span><\/div>\n<div class=\"flex_column av_one_half  flex_column_div av-zero-column-padding first  \" style='border-radius:0px; '><div class='avia-image-container  av-styling-   avia-align-center '  itemscope=\"itemscope\" itemtype=\"https:\/\/schema.org\/ImageObject\"  ><div class='avia-image-container-inner'><img class='avia_image ' src='https:\/\/www.evomodule.com\/wp-content\/uploads\/2019\/07\/guillaume-techer-1096179-unsplash-1024x683.jpg' alt='' title='guillaume-techer-1096179-unsplash'   itemprop=\"contentURL\"  \/><\/div><\/div><\/div><div class=\"flex_column av_one_half  flex_column_div av-zero-column-padding   \" style='border-radius:0px; '><section class=\"av_textblock_section\"  itemscope=\"itemscope\" itemtype=\"https:\/\/schema.org\/CreativeWork\" ><div class='avia_textblock '   itemprop=\"text\" ><ul>\n<li>Du\u017ca fabryczna dok\u0142adno\u015b\u0107 wykonania budynku<\/li>\n<li>Niskie koszty wykonania budowli w stosunku do budownictwa tradycyjnego<\/li>\n<li>Du\u017ca wytrzyma\u0142o\u015b\u0107 \u015bcian i wysoki poziom izolacji<\/li>\n<li>Ni\u017csze koszty wyko\u0144czenia wn\u0119trz [brak konieczno\u015bci tynkowania, monta\u017c instalacji elektrycznej i sanitarnej]<\/li>\n<li>Obni\u017cenie koszt\u00f3w eksploatacyjnych budynk\u00f3w [ni\u017csze zapotrzebowanie na media]<\/li>\n<li>Wi\u0119ksza zbywalno\u015b\u0107 lokali na rynku nieruchomo\u015bci<\/li>\n<li>Mo\u017cliwo\u015b\u0107 dobudowy p\u00f3\u017aniejszej ze wzgl\u0119du na wytrzyma\u0142o\u015b\u0107 konstrukcji<\/li>\n<li>Kr\u00f3tki czas realizacji budynk\u00f3w [oko\u0142o 120 &#8211; 250 m2 \u015bcian zewn\u0119trznych \/ dzie\u0144 dla 4 os\u00f3b + d\u017awig]<\/li>\n<\/ul>\n<\/div><\/section><\/div><div class=\"flex_column av_one_half  flex_column_div av-zero-column-padding first  \" style='border-radius:0px; '><section class=\"av_textblock_section\"  itemscope=\"itemscope\" itemtype=\"https:\/\/schema.org\/CreativeWork\" ><div class='avia_textblock '   itemprop=\"text\" ><ul>\n<li>Wymogi nadzoru o odpowiednich kwalifikacjach<\/li>\n<li>Konieczno\u015b\u0107 sporz\u0105dzenia dokumentacji konstrukcyjnej<\/li>\n<li>Wysoki poziom koordynacji (transport ekipy montuj\u0105ce, sprz\u0119t itp.)<\/li>\n<li>Wymagane odpowiednie przygotowanie pod\u0142o\u017ca<\/li>\n<li>Precyzyjne planowanie na etapie projektowania w celu unikni\u0119cia zmian wyko\u0144czeniowych.<\/li>\n<\/ul>\n<\/div><\/section><\/div><div class=\"flex_column av_one_half  flex_column_div av-zero-column-padding   \" style='border-radius:0px; '><div  data-size='large'  data-lightbox_size='large'  data-animation='slide'  data-ids='80,41'  data-video_counter='0'  data-autoplay='true'  data-bg_slider='false'  data-slide_height=''  data-handle='av_slideshow'  data-interval='5'  data-class=''  data-css_id=''  data-scroll_down=''  data-control_layout='av-control-hidden'  data-custom_markup=''  data-perma_caption=''  data-autoplay_stopper=''  data-image_attachment=''  data-min_height='0px'  class='avia-slideshow avia-slideshow-2  av-control-hidden av-default-height-applied avia-slideshow-large av_slideshow  avia-slide-slider '  itemscope=\"itemscope\" itemtype=\"https:\/\/schema.org\/ImageObject\" ><ul class='avia-slideshow-inner' style='padding-bottom: 133.24708926261%;'><li  class=' slide-1 ' ><div data-rel='slideshow-2' class='avia-slide-wrap'  ><img src='https:\/\/www.evomodule.com\/wp-content\/uploads\/2019\/07\/new-wall-pic-2-773x1030.jpg' width='773' height='1030' title='new-wall-pic' alt=''  itemprop=\"contentURL\"   \/><\/div><\/li><li  class=' slide-2 ' ><div data-rel='slideshow-2' class='avia-slide-wrap'  ><img src='https:\/\/www.evomodule.com\/wp-content\/uploads\/2019\/07\/wall-pic-edit-1030x758.jpg' width='1030' height='758' title='wall-pic-edit' alt=''  itemprop=\"contentURL\"   \/><\/div><\/li><\/ul><div class='avia-slideshow-arrows avia-slideshow-controls'><a href='#prev' class='prev-slide' aria-hidden='true' data-av_icon='\ue87c' data-av_iconfont='entypo-fontello'>Previous<\/a><a href='#next' class='next-slide' aria-hidden='true' data-av_icon='\ue87d' data-av_iconfont='entypo-fontello'>Next<\/a><\/div><div class='avia-slideshow-dots avia-slideshow-controls'><a href='#1' class='goto-slide active' >1<\/a><a href='#2' class='goto-slide ' >2<\/a><\/div><\/div><\/div><\/div><\/div><\/div><!-- close content main div --><\/div><\/div><div id='after_section_3' class='main_color av_default_container_wrap container_wrap sidebar_right'   ><div class='container' ><div class='template-page content  av-content-small alpha units'><div class='post-entry post-entry-type-page post-entry-135'><div class='entry-content-wrapper clearfix'><\/div><\/div><\/div><!-- close content main div --><\/div><\/div><div id='av_section_4' class='avia-section main_color avia-section-default avia-no-border-styling avia-bg-style-scroll  container_wrap sidebar_right'   ><div class='container' ><div class='template-page content  av-content-small alpha units'><div class='post-entry post-entry-type-page post-entry-135'><div class='entry-content-wrapper clearfix'>\n<div style='padding-bottom:10px;' class='av-special-heading av-special-heading-h1  blockquote modern-quote modern-centered  '><h1 class='av-special-heading-tag'  itemprop=\"headline\"  >Przenikalno\u015b\u0107 cieplna<\/h1><div class='special-heading-border'><div class='special-heading-inner-border' ><\/div><\/div><\/div>\n<div style=' margin-top:30px; margin-bottom:30px;'  class='hr hr-custom hr-center hr-icon-no '><span class='hr-inner   inner-border-av-border-fat' style=' width:50px; border-color:#eb323e;' ><span class='hr-inner-style'><\/span><\/span><\/div>\n<div class=\"flex_column av_one_half  flex_column_div av-zero-column-padding first  \" style='border-radius:0px; '><div class='avia-image-container  av-styling-   avia-align-center '  itemscope=\"itemscope\" itemtype=\"https:\/\/schema.org\/ImageObject\"  ><div class='avia-image-container-inner'><img class='avia_image ' src='https:\/\/www.evomodule.com\/wp-content\/uploads\/2019\/07\/Przenikalno\u015b\u0107-cieplna-wizualizacja-2-1-1030x1030.png' alt='' title='Przenikalno\u015b\u0107-cieplna-wizualizacja-2'   itemprop=\"contentURL\"  \/><\/div><\/div><\/div><div class=\"flex_column av_one_half  flex_column_div av-zero-column-padding   \" style='border-radius:0px; '><div class='avia-image-container  av-styling-   avia-align-center '  itemscope=\"itemscope\" itemtype=\"https:\/\/schema.org\/ImageObject\"  ><div class='avia-image-container-inner'><img class='avia_image ' src='https:\/\/www.evomodule.com\/wp-content\/uploads\/2019\/07\/Przenikalno\u015b\u0107-cieplna-wizualizacja-1-1-1030x1030.png' alt='' title='Przenikalno\u015b\u0107-cieplna-wizualizacja-1'   itemprop=\"contentURL\"  \/><\/div><\/div><\/div>\n<\/div><\/div><\/div><!-- close content main div --><\/div><\/div><div id='after_section_4' class='main_color av_default_container_wrap container_wrap sidebar_right'   ><div class='container' ><div class='template-page content  av-content-small alpha units'><div class='post-entry post-entry-type-page post-entry-135'><div class='entry-content-wrapper clearfix'><\/p>\n","protected":false},"excerpt":{"rendered":"","protected":false},"author":5,"featured_media":0,"parent":0,"menu_order":0,"comment_status":"closed","ping_status":"closed","template":"","meta":{"footnotes":""},"class_list":["post-135","page","type-page","status-publish","hentry"],"yoast_head":"<!-- This site is optimized with the Yoast SEO plugin v25.6 - https:\/\/yoast.com\/wordpress\/plugins\/seo\/ -->\n<title>Prefabrykacja | Evomodule<\/title>\n<meta name=\"robots\" content=\"index, follow, max-snippet:-1, max-image-preview:large, max-video-preview:-1\" \/>\n<link rel=\"canonical\" href=\"https:\/\/www.evomodule.com\/index.php\/prefabrykacja\/\" \/>\n<meta property=\"og:locale\" content=\"pl_PL\" \/>\n<meta property=\"og:type\" content=\"article\" \/>\n<meta property=\"og:title\" content=\"Prefabrykacja | Evomodule\" \/>\n<meta property=\"og:url\" content=\"https:\/\/www.evomodule.com\/index.php\/prefabrykacja\/\" \/>\n<meta property=\"og:site_name\" content=\"Evomodule\" \/>\n<meta property=\"article:publisher\" content=\"https:\/\/www.facebook.com\/evomodule\" \/>\n<meta property=\"article:modified_time\" content=\"2019-07-19T19:05:47+00:00\" \/>\n<meta property=\"og:image\" content=\"https:\/\/www.evomodule.com\/wp-content\/uploads\/2025\/02\/firma-evomodule-domy-modulowe.webp\" \/>\n\t<meta property=\"og:image:width\" content=\"1200\" \/>\n\t<meta property=\"og:image:height\" content=\"798\" \/>\n\t<meta property=\"og:image:type\" content=\"image\/webp\" \/>\n<meta name=\"twitter:card\" content=\"summary_large_image\" \/>\n<meta name=\"twitter:label1\" content=\"Szacowany czas czytania\" \/>\n\t<meta name=\"twitter:data1\" content=\"10 minut\" \/>\n<script type=\"application\/ld+json\" class=\"yoast-schema-graph\">{\"@context\":\"https:\/\/schema.org\",\"@graph\":[{\"@type\":\"WebPage\",\"@id\":\"https:\/\/www.evomodule.com\/index.php\/prefabrykacja\/\",\"url\":\"https:\/\/www.evomodule.com\/index.php\/prefabrykacja\/\",\"name\":\"Prefabrykacja | Evomodule\",\"isPartOf\":{\"@id\":\"https:\/\/www.evomodule.com\/#website\"},\"datePublished\":\"2019-07-19T14:33:40+00:00\",\"dateModified\":\"2019-07-19T19:05:47+00:00\",\"breadcrumb\":{\"@id\":\"https:\/\/www.evomodule.com\/index.php\/prefabrykacja\/#breadcrumb\"},\"inLanguage\":\"pl-PL\",\"potentialAction\":[{\"@type\":\"ReadAction\",\"target\":[\"https:\/\/www.evomodule.com\/index.php\/prefabrykacja\/\"]}]},{\"@type\":\"BreadcrumbList\",\"@id\":\"https:\/\/www.evomodule.com\/index.php\/prefabrykacja\/#breadcrumb\",\"itemListElement\":[{\"@type\":\"ListItem\",\"position\":1,\"name\":\"Strona g\u0142\u00f3wna\",\"item\":\"https:\/\/www.evomodule.com\/\"},{\"@type\":\"ListItem\",\"position\":2,\"name\":\"Prefabrykacja\"}]},{\"@type\":\"WebSite\",\"@id\":\"https:\/\/www.evomodule.com\/#website\",\"url\":\"https:\/\/www.evomodule.com\/\",\"name\":\"Evomodule domy modu\u0142owe\",\"description\":\"domy modu\u0142owe\",\"publisher\":{\"@id\":\"https:\/\/www.evomodule.com\/#organization\"},\"alternateName\":\"Evomodule\",\"potentialAction\":[{\"@type\":\"SearchAction\",\"target\":{\"@type\":\"EntryPoint\",\"urlTemplate\":\"https:\/\/www.evomodule.com\/?s={search_term_string}\"},\"query-input\":{\"@type\":\"PropertyValueSpecification\",\"valueRequired\":true,\"valueName\":\"search_term_string\"}}],\"inLanguage\":\"pl-PL\"},{\"@type\":\"Organization\",\"@id\":\"https:\/\/www.evomodule.com\/#organization\",\"name\":\"Evomodule\",\"url\":\"https:\/\/www.evomodule.com\/\",\"logo\":{\"@type\":\"ImageObject\",\"inLanguage\":\"pl-PL\",\"@id\":\"https:\/\/www.evomodule.com\/#\/schema\/logo\/image\/\",\"url\":\"https:\/\/www.evomodule.com\/wp-content\/uploads\/2024\/07\/evomodule-logo-f.png\",\"contentUrl\":\"https:\/\/www.evomodule.com\/wp-content\/uploads\/2024\/07\/evomodule-logo-f.png\",\"width\":282,\"height\":45,\"caption\":\"Evomodule\"},\"image\":{\"@id\":\"https:\/\/www.evomodule.com\/#\/schema\/logo\/image\/\"},\"sameAs\":[\"https:\/\/www.facebook.com\/evomodule\",\"https:\/\/www.instagram.com\/evomodule\/\"]}]}<\/script>\n<!-- \/ Yoast SEO plugin. -->","yoast_head_json":{"title":"Prefabrykacja | Evomodule","robots":{"index":"index","follow":"follow","max-snippet":"max-snippet:-1","max-image-preview":"max-image-preview:large","max-video-preview":"max-video-preview:-1"},"canonical":"https:\/\/www.evomodule.com\/index.php\/prefabrykacja\/","og_locale":"pl_PL","og_type":"article","og_title":"Prefabrykacja | Evomodule","og_url":"https:\/\/www.evomodule.com\/index.php\/prefabrykacja\/","og_site_name":"Evomodule","article_publisher":"https:\/\/www.facebook.com\/evomodule","article_modified_time":"2019-07-19T19:05:47+00:00","og_image":[{"width":1200,"height":798,"url":"https:\/\/www.evomodule.com\/wp-content\/uploads\/2025\/02\/firma-evomodule-domy-modulowe.webp","type":"image\/webp"}],"twitter_card":"summary_large_image","twitter_misc":{"Szacowany czas czytania":"10 minut"},"schema":{"@context":"https:\/\/schema.org","@graph":[{"@type":"WebPage","@id":"https:\/\/www.evomodule.com\/index.php\/prefabrykacja\/","url":"https:\/\/www.evomodule.com\/index.php\/prefabrykacja\/","name":"Prefabrykacja | Evomodule","isPartOf":{"@id":"https:\/\/www.evomodule.com\/#website"},"datePublished":"2019-07-19T14:33:40+00:00","dateModified":"2019-07-19T19:05:47+00:00","breadcrumb":{"@id":"https:\/\/www.evomodule.com\/index.php\/prefabrykacja\/#breadcrumb"},"inLanguage":"pl-PL","potentialAction":[{"@type":"ReadAction","target":["https:\/\/www.evomodule.com\/index.php\/prefabrykacja\/"]}]},{"@type":"BreadcrumbList","@id":"https:\/\/www.evomodule.com\/index.php\/prefabrykacja\/#breadcrumb","itemListElement":[{"@type":"ListItem","position":1,"name":"Strona g\u0142\u00f3wna","item":"https:\/\/www.evomodule.com\/"},{"@type":"ListItem","position":2,"name":"Prefabrykacja"}]},{"@type":"WebSite","@id":"https:\/\/www.evomodule.com\/#website","url":"https:\/\/www.evomodule.com\/","name":"Evomodule domy modu\u0142owe","description":"domy modu\u0142owe","publisher":{"@id":"https:\/\/www.evomodule.com\/#organization"},"alternateName":"Evomodule","potentialAction":[{"@type":"SearchAction","target":{"@type":"EntryPoint","urlTemplate":"https:\/\/www.evomodule.com\/?s={search_term_string}"},"query-input":{"@type":"PropertyValueSpecification","valueRequired":true,"valueName":"search_term_string"}}],"inLanguage":"pl-PL"},{"@type":"Organization","@id":"https:\/\/www.evomodule.com\/#organization","name":"Evomodule","url":"https:\/\/www.evomodule.com\/","logo":{"@type":"ImageObject","inLanguage":"pl-PL","@id":"https:\/\/www.evomodule.com\/#\/schema\/logo\/image\/","url":"https:\/\/www.evomodule.com\/wp-content\/uploads\/2024\/07\/evomodule-logo-f.png","contentUrl":"https:\/\/www.evomodule.com\/wp-content\/uploads\/2024\/07\/evomodule-logo-f.png","width":282,"height":45,"caption":"Evomodule"},"image":{"@id":"https:\/\/www.evomodule.com\/#\/schema\/logo\/image\/"},"sameAs":["https:\/\/www.facebook.com\/evomodule","https:\/\/www.instagram.com\/evomodule\/"]}]}},"_links":{"self":[{"href":"https:\/\/www.evomodule.com\/index.php\/wp-json\/wp\/v2\/pages\/135","targetHints":{"allow":["GET"]}}],"collection":[{"href":"https:\/\/www.evomodule.com\/index.php\/wp-json\/wp\/v2\/pages"}],"about":[{"href":"https:\/\/www.evomodule.com\/index.php\/wp-json\/wp\/v2\/types\/page"}],"author":[{"embeddable":true,"href":"https:\/\/www.evomodule.com\/index.php\/wp-json\/wp\/v2\/users\/5"}],"replies":[{"embeddable":true,"href":"https:\/\/www.evomodule.com\/index.php\/wp-json\/wp\/v2\/comments?post=135"}],"version-history":[{"count":8,"href":"https:\/\/www.evomodule.com\/index.php\/wp-json\/wp\/v2\/pages\/135\/revisions"}],"predecessor-version":[{"id":167,"href":"https:\/\/www.evomodule.com\/index.php\/wp-json\/wp\/v2\/pages\/135\/revisions\/167"}],"wp:attachment":[{"href":"https:\/\/www.evomodule.com\/index.php\/wp-json\/wp\/v2\/media?parent=135"}],"curies":[{"name":"wp","href":"https:\/\/api.w.org\/{rel}","templated":true}]}}