{"id":142,"date":"2019-07-19T15:00:30","date_gmt":"2019-07-19T15:00:30","guid":{"rendered":"http:\/\/213.192.68.143\/?page_id=142"},"modified":"2019-07-19T18:30:48","modified_gmt":"2019-07-19T18:30:48","slug":"oferta","status":"publish","type":"page","link":"https:\/\/www.evomodule.com\/index.php\/oferta\/","title":{"rendered":"Oferta"},"content":{"rendered":"<\/div><\/div><\/div><!-- close content main div --><\/div><\/div><div id='av_section_1' class='avia-section main_color avia-section-default avia-no-border-styling avia-bg-style-scroll  container_wrap sidebar_right'   ><div class='container' ><div class='template-page content  av-content-small alpha units'><div class='post-entry post-entry-type-page post-entry-142'><div class='entry-content-wrapper clearfix'>\n<div style='padding-bottom:10px;' class='av-special-heading av-special-heading-h1  blockquote modern-quote modern-centered '><h1 class='av-special-heading-tag'  itemprop=\"headline\"  >Oferta Evomodule<\/h1><div class='special-heading-border'><div class='special-heading-inner-border' ><\/div><\/div><\/div>\n<div style=' margin-top:30px; margin-bottom:30px;'  class='hr hr-custom hr-center hr-icon-no '><span class='hr-inner   inner-border-av-border-fat' style=' width:50px; border-color:#eb323e;' ><span class='hr-inner-style'><\/span><\/span><\/div>\n<\/div><\/div><\/div><!-- close content main div --><\/div><div class='av-extra-border-element border-extra-diagonal  '><div class='av-extra-border-outer'><div class='av-extra-border-inner'  style='background-color:#d1d1d1;' ><\/div><\/div><\/div><\/div><div id='after_section_1' class='main_color av_default_container_wrap container_wrap sidebar_right'   ><div class='container' ><div class='template-page content  av-content-small alpha units'><div class='post-entry post-entry-type-page post-entry-142'><div class='entry-content-wrapper clearfix'>\n<\/div><\/div><\/div><!-- close content main div --><\/div><div class='av-extra-border-element border-extra-diagonal  '><div class='av-extra-border-outer'><div class='av-extra-border-inner'  style='background-color:#d1d1d1;' ><\/div><\/div><\/div><\/div><div id='av_section_2' class='avia-section main_color avia-section-default avia-no-border-styling avia-bg-style-scroll  container_wrap sidebar_right' style = 'background-color: #d1d1d1; background-color: #d1d1d1; '  ><div class='container' ><div class='template-page content  av-content-small alpha units'><div class='post-entry post-entry-type-page post-entry-142'><div class='entry-content-wrapper clearfix'>\n<div class=\"flex_column av_one_half  flex_column_div av-zero-column-padding first  \" style='border-radius:0px; '><div class='avia-image-container  av-styling-   avia-align-center '  itemscope=\"itemscope\" itemtype=\"https:\/\/schema.org\/ImageObject\"  ><div class='avia-image-container-inner'><img class='avia_image ' src='https:\/\/www.evomodule.com\/wp-content\/uploads\/2019\/07\/house_project_1600x1200-1-1030x773.jpg' alt='' title='house_project_1600x1200'   itemprop=\"contentURL\"  \/><\/div><\/div><\/div><div class=\"flex_column av_one_half  flex_column_div av-zero-column-padding   \" style='border-width:40px; border-color:#ffffff; border-style:solid; background-color:#ffffff; border-radius:0px; '><p><div style='padding-bottom:10px;' class='av-special-heading av-special-heading-h2  blockquote modern-quote modern-centered  '><h2 class='av-special-heading-tag'  itemprop=\"headline\"  >W ramach wsp\u00f3\u0142pracy oferujemy<\/h2><div class='special-heading-border'><div class='special-heading-inner-border' ><\/div><\/div><\/div><br \/>\n<div style=' margin-top:30px; margin-bottom:30px;'  class='hr hr-custom hr-center hr-icon-no '><span class='hr-inner   inner-border-av-border-fat' style=' width:50px; border-color:#eb323e;' ><span class='hr-inner-style'><\/span><\/span><\/div><br \/>\n<section class=\"av_textblock_section\"  itemscope=\"itemscope\" itemtype=\"https:\/\/schema.org\/CreativeWork\" ><div class='avia_textblock '   itemprop=\"text\" ><ul>\n<li>Budownictwo jedno i wielorodzinne<\/li>\n<li>Budownictwo komercyjne i publiczne (hotele, szko\u0142y, szpitale, przedszkola)<\/li>\n<li>Budownictwo przemys\u0142owe (hale magazynowe, biura)<\/li>\n<li>Wykonawstwo i nadz\u00f3r budowlany<\/li>\n<\/ul>\n<p>Przy wi\u0119kszych zakresach realizacji wsp\u00f3\u0142pracujemy z Inwestorami i deweloperami celem dostosowania jak najkorzystniejszej oferty (lokalizacja inwestycji, czas realizacji i wiele czynnik\u00f3w okre\u015blaj\u0105 cen\u0119). Jeste\u015bmy otwarci do zawi\u0105zania wsp\u00f3\u0142pracy na zasadach og\u00f3lnych dostaw i monta\u017cu, realizacji jako GW, JV, i innych wed\u0142ug potrzeb.<\/p>\n<\/div><\/section><\/p><\/div><\/div><\/div><\/div><!-- close content main div --><\/div><\/div><div id='after_section_2' class='main_color av_default_container_wrap container_wrap sidebar_right'   ><div class='container' ><div class='template-page content  av-content-small alpha units'><div class='post-entry post-entry-type-page post-entry-142'><div class='entry-content-wrapper clearfix'><\/div><\/div><\/div><!-- close content main div --><\/div><\/div><div id='av_section_3' class='avia-section main_color avia-section-default avia-no-border-styling avia-bg-style-scroll  container_wrap sidebar_right' style = 'background-color: #d1d1d1; background-color: #d1d1d1; '  ><div class='container' ><div class='template-page content  av-content-small alpha units'><div class='post-entry post-entry-type-page post-entry-142'><div class='entry-content-wrapper clearfix'>\n<div class=\"flex_column av_one_half  flex_column_div av-zero-column-padding first  \" style='border-width:40px; border-color:#ffffff; border-style:solid; background-color:#ffffff; border-radius:0px; '><p><div style='padding-bottom:10px;' class='av-special-heading av-special-heading-h2  blockquote modern-quote modern-centered '><h2 class='av-special-heading-tag'  itemprop=\"headline\"  >Koszt<\/h2><div class='special-heading-border'><div class='special-heading-inner-border' ><\/div><\/div><\/div><br \/>\n<div style=' margin-top:30px; margin-bottom:30px;'  class='hr hr-custom hr-center hr-icon-no '><span class='hr-inner   inner-border-av-border-fat' style=' width:50px; border-color:#eb323e;' ><span class='hr-inner-style'><\/span><\/span><\/div><br \/>\n<section class=\"av_textblock_section\"  itemscope=\"itemscope\" itemtype=\"https:\/\/schema.org\/CreativeWork\" ><div class='avia_textblock '   itemprop=\"text\" ><p>Przewidywany koszt dla konkretnego budownictwa wykonuje si\u0119 indywidualnie, jednak na podstawie przygotowanych ju\u017c ofert oraz wykonanego budynku koszt wykonania stanu deweloperskiego kszta\u0142tuje si\u0119 tak jak system tradycyjnego budownictwa \/ m2 stosuj\u0105c og\u00f3lnorynkowe stawki.<\/p>\n<\/div><\/section><\/p><\/div><div class=\"flex_column av_one_half  flex_column_div av-zero-column-padding   \" style='border-radius:0px; '><div class='avia-image-container  av-styling-   avia-align-center '  itemscope=\"itemscope\" itemtype=\"https:\/\/schema.org\/ImageObject\"  ><div class='avia-image-container-inner'><img class='avia_image ' src='https:\/\/www.evomodule.com\/wp-content\/uploads\/2019\/07\/savings-2789112_1920-1.jpg' alt='' title='savings-2789112_1920'   itemprop=\"contentURL\"  \/><\/div><\/div><\/div>\n<\/div><\/div><\/div><!-- close content main div --><\/div><\/div><div id='after_section_3' class='main_color av_default_container_wrap container_wrap sidebar_right'   ><div class='container' ><div class='template-page content  av-content-small alpha units'><div class='post-entry post-entry-type-page post-entry-142'><div class='entry-content-wrapper clearfix'><\/p>\n","protected":false},"excerpt":{"rendered":"","protected":false},"author":5,"featured_media":0,"parent":0,"menu_order":0,"comment_status":"closed","ping_status":"closed","template":"","meta":{"footnotes":""},"class_list":["post-142","page","type-page","status-publish","hentry"],"yoast_head":"<!-- This site is optimized with the Yoast SEO plugin v25.6 - https:\/\/yoast.com\/wordpress\/plugins\/seo\/ -->\n<title>Oferta | Evomodule<\/title>\n<meta name=\"robots\" content=\"index, follow, max-snippet:-1, max-image-preview:large, max-video-preview:-1\" \/>\n<link rel=\"canonical\" href=\"https:\/\/www.evomodule.com\/index.php\/oferta\/\" \/>\n<meta property=\"og:locale\" content=\"pl_PL\" \/>\n<meta property=\"og:type\" content=\"article\" \/>\n<meta property=\"og:title\" content=\"Oferta | Evomodule\" \/>\n<meta property=\"og:url\" content=\"https:\/\/www.evomodule.com\/index.php\/oferta\/\" \/>\n<meta property=\"og:site_name\" content=\"Evomodule\" \/>\n<meta property=\"article:publisher\" content=\"https:\/\/www.facebook.com\/evomodule\" \/>\n<meta property=\"article:modified_time\" content=\"2019-07-19T18:30:48+00:00\" \/>\n<meta property=\"og:image\" content=\"https:\/\/www.evomodule.com\/wp-content\/uploads\/2025\/02\/firma-evomodule-domy-modulowe.webp\" \/>\n\t<meta property=\"og:image:width\" content=\"1200\" \/>\n\t<meta property=\"og:image:height\" content=\"798\" \/>\n\t<meta property=\"og:image:type\" content=\"image\/webp\" \/>\n<meta name=\"twitter:card\" content=\"summary_large_image\" \/>\n<meta name=\"twitter:label1\" content=\"Szacowany czas czytania\" \/>\n\t<meta name=\"twitter:data1\" content=\"5 minut\" \/>\n<script type=\"application\/ld+json\" class=\"yoast-schema-graph\">{\"@context\":\"https:\/\/schema.org\",\"@graph\":[{\"@type\":\"WebPage\",\"@id\":\"https:\/\/www.evomodule.com\/index.php\/oferta\/\",\"url\":\"https:\/\/www.evomodule.com\/index.php\/oferta\/\",\"name\":\"Oferta | Evomodule\",\"isPartOf\":{\"@id\":\"https:\/\/www.evomodule.com\/#website\"},\"datePublished\":\"2019-07-19T15:00:30+00:00\",\"dateModified\":\"2019-07-19T18:30:48+00:00\",\"breadcrumb\":{\"@id\":\"https:\/\/www.evomodule.com\/index.php\/oferta\/#breadcrumb\"},\"inLanguage\":\"pl-PL\",\"potentialAction\":[{\"@type\":\"ReadAction\",\"target\":[\"https:\/\/www.evomodule.com\/index.php\/oferta\/\"]}]},{\"@type\":\"BreadcrumbList\",\"@id\":\"https:\/\/www.evomodule.com\/index.php\/oferta\/#breadcrumb\",\"itemListElement\":[{\"@type\":\"ListItem\",\"position\":1,\"name\":\"Strona g\u0142\u00f3wna\",\"item\":\"https:\/\/www.evomodule.com\/\"},{\"@type\":\"ListItem\",\"position\":2,\"name\":\"Oferta\"}]},{\"@type\":\"WebSite\",\"@id\":\"https:\/\/www.evomodule.com\/#website\",\"url\":\"https:\/\/www.evomodule.com\/\",\"name\":\"Evomodule domy modu\u0142owe\",\"description\":\"domy modu\u0142owe\",\"publisher\":{\"@id\":\"https:\/\/www.evomodule.com\/#organization\"},\"alternateName\":\"Evomodule\",\"potentialAction\":[{\"@type\":\"SearchAction\",\"target\":{\"@type\":\"EntryPoint\",\"urlTemplate\":\"https:\/\/www.evomodule.com\/?s={search_term_string}\"},\"query-input\":{\"@type\":\"PropertyValueSpecification\",\"valueRequired\":true,\"valueName\":\"search_term_string\"}}],\"inLanguage\":\"pl-PL\"},{\"@type\":\"Organization\",\"@id\":\"https:\/\/www.evomodule.com\/#organization\",\"name\":\"Evomodule\",\"url\":\"https:\/\/www.evomodule.com\/\",\"logo\":{\"@type\":\"ImageObject\",\"inLanguage\":\"pl-PL\",\"@id\":\"https:\/\/www.evomodule.com\/#\/schema\/logo\/image\/\",\"url\":\"https:\/\/www.evomodule.com\/wp-content\/uploads\/2024\/07\/evomodule-logo-f.png\",\"contentUrl\":\"https:\/\/www.evomodule.com\/wp-content\/uploads\/2024\/07\/evomodule-logo-f.png\",\"width\":282,\"height\":45,\"caption\":\"Evomodule\"},\"image\":{\"@id\":\"https:\/\/www.evomodule.com\/#\/schema\/logo\/image\/\"},\"sameAs\":[\"https:\/\/www.facebook.com\/evomodule\",\"https:\/\/www.instagram.com\/evomodule\/\"]}]}<\/script>\n<!-- \/ Yoast SEO plugin. -->","yoast_head_json":{"title":"Oferta | Evomodule","robots":{"index":"index","follow":"follow","max-snippet":"max-snippet:-1","max-image-preview":"max-image-preview:large","max-video-preview":"max-video-preview:-1"},"canonical":"https:\/\/www.evomodule.com\/index.php\/oferta\/","og_locale":"pl_PL","og_type":"article","og_title":"Oferta | Evomodule","og_url":"https:\/\/www.evomodule.com\/index.php\/oferta\/","og_site_name":"Evomodule","article_publisher":"https:\/\/www.facebook.com\/evomodule","article_modified_time":"2019-07-19T18:30:48+00:00","og_image":[{"width":1200,"height":798,"url":"https:\/\/www.evomodule.com\/wp-content\/uploads\/2025\/02\/firma-evomodule-domy-modulowe.webp","type":"image\/webp"}],"twitter_card":"summary_large_image","twitter_misc":{"Szacowany czas czytania":"5 minut"},"schema":{"@context":"https:\/\/schema.org","@graph":[{"@type":"WebPage","@id":"https:\/\/www.evomodule.com\/index.php\/oferta\/","url":"https:\/\/www.evomodule.com\/index.php\/oferta\/","name":"Oferta | Evomodule","isPartOf":{"@id":"https:\/\/www.evomodule.com\/#website"},"datePublished":"2019-07-19T15:00:30+00:00","dateModified":"2019-07-19T18:30:48+00:00","breadcrumb":{"@id":"https:\/\/www.evomodule.com\/index.php\/oferta\/#breadcrumb"},"inLanguage":"pl-PL","potentialAction":[{"@type":"ReadAction","target":["https:\/\/www.evomodule.com\/index.php\/oferta\/"]}]},{"@type":"BreadcrumbList","@id":"https:\/\/www.evomodule.com\/index.php\/oferta\/#breadcrumb","itemListElement":[{"@type":"ListItem","position":1,"name":"Strona g\u0142\u00f3wna","item":"https:\/\/www.evomodule.com\/"},{"@type":"ListItem","position":2,"name":"Oferta"}]},{"@type":"WebSite","@id":"https:\/\/www.evomodule.com\/#website","url":"https:\/\/www.evomodule.com\/","name":"Evomodule domy modu\u0142owe","description":"domy modu\u0142owe","publisher":{"@id":"https:\/\/www.evomodule.com\/#organization"},"alternateName":"Evomodule","potentialAction":[{"@type":"SearchAction","target":{"@type":"EntryPoint","urlTemplate":"https:\/\/www.evomodule.com\/?s={search_term_string}"},"query-input":{"@type":"PropertyValueSpecification","valueRequired":true,"valueName":"search_term_string"}}],"inLanguage":"pl-PL"},{"@type":"Organization","@id":"https:\/\/www.evomodule.com\/#organization","name":"Evomodule","url":"https:\/\/www.evomodule.com\/","logo":{"@type":"ImageObject","inLanguage":"pl-PL","@id":"https:\/\/www.evomodule.com\/#\/schema\/logo\/image\/","url":"https:\/\/www.evomodule.com\/wp-content\/uploads\/2024\/07\/evomodule-logo-f.png","contentUrl":"https:\/\/www.evomodule.com\/wp-content\/uploads\/2024\/07\/evomodule-logo-f.png","width":282,"height":45,"caption":"Evomodule"},"image":{"@id":"https:\/\/www.evomodule.com\/#\/schema\/logo\/image\/"},"sameAs":["https:\/\/www.facebook.com\/evomodule","https:\/\/www.instagram.com\/evomodule\/"]}]}},"_links":{"self":[{"href":"https:\/\/www.evomodule.com\/index.php\/wp-json\/wp\/v2\/pages\/142","targetHints":{"allow":["GET"]}}],"collection":[{"href":"https:\/\/www.evomodule.com\/index.php\/wp-json\/wp\/v2\/pages"}],"about":[{"href":"https:\/\/www.evomodule.com\/index.php\/wp-json\/wp\/v2\/types\/page"}],"author":[{"embeddable":true,"href":"https:\/\/www.evomodule.com\/index.php\/wp-json\/wp\/v2\/users\/5"}],"replies":[{"embeddable":true,"href":"https:\/\/www.evomodule.com\/index.php\/wp-json\/wp\/v2\/comments?post=142"}],"version-history":[{"count":5,"href":"https:\/\/www.evomodule.com\/index.php\/wp-json\/wp\/v2\/pages\/142\/revisions"}],"predecessor-version":[{"id":150,"href":"https:\/\/www.evomodule.com\/index.php\/wp-json\/wp\/v2\/pages\/142\/revisions\/150"}],"wp:attachment":[{"href":"https:\/\/www.evomodule.com\/index.php\/wp-json\/wp\/v2\/media?parent=142"}],"curies":[{"name":"wp","href":"https:\/\/api.w.org\/{rel}","templated":true}]}}